{"id":1467,"date":"2023-08-18T13:35:30","date_gmt":"2023-08-18T11:35:30","guid":{"rendered":"https:\/\/gardenexpertstogether.com\/?page_id=1467"},"modified":"2025-09-18T12:56:06","modified_gmt":"2025-09-18T10:56:06","slug":"informationen","status":"publish","type":"page","link":"https:\/\/gardenexpertstogether.com\/de\/informationen\/","title":{"rendered":"Informationen"},"content":{"rendered":"\t\t<div data-elementor-type=\"wp-page\" data-elementor-id=\"1467\" class=\"elementor elementor-1467 elementor-103\" data-elementor-post-type=\"page\">\n\t\t\t\t<div class=\"elementor-element elementor-element-7dce494 e-con-full e-flex e-con e-parent\" data-id=\"7dce494\" data-element_type=\"container\" data-settings=\"{&quot;background_background&quot;:&quot;classic&quot;}\">\n\t\t\t\t<\/div>\n\t\t<div class=\"elementor-element elementor-element-d58f054 e-con-full e-flex e-con e-parent\" data-id=\"d58f054\" data-element_type=\"container\" data-settings=\"{&quot;background_background&quot;:&quot;classic&quot;}\">\n\t\t\t\t<div class=\"elementor-element elementor-element-69d5225 elementor-widget elementor-widget-heading\" data-id=\"69d5225\" data-element_type=\"widget\" data-widget_type=\"heading.default\">\n\t\t\t\t<div class=\"elementor-widget-container\">\n\t\t\t\t\t<h1 class=\"elementor-heading-title elementor-size-default\">GET inspired in Edegem\n<\/h1>\t\t\t\t<\/div>\n\t\t\t\t<\/div>\n\t\t\t\t<\/div>\n\t\t<div class=\"elementor-element elementor-element-d0eecb1 e-con-full e-flex e-con e-parent\" data-id=\"d0eecb1\" data-element_type=\"container\">\n\t\t\t\t<\/div>\n\t\t<div class=\"elementor-element elementor-element-5636aff e-flex e-con-boxed e-con e-parent\" data-id=\"5636aff\" data-element_type=\"container\">\n\t\t\t\t\t<div class=\"e-con-inner\">\n\t\t\t\t<div class=\"elementor-element elementor-element-74f7080 elementor-widget elementor-widget-heading\" data-id=\"74f7080\" data-element_type=\"widget\" data-widget_type=\"heading.default\">\n\t\t\t\t<div class=\"elementor-widget-container\">\n\t\t\t\t\t<h2 class=\"elementor-heading-title elementor-size-default\">Tagesordnung<\/h2>\t\t\t\t<\/div>\n\t\t\t\t<\/div>\n\t\t\t\t<div class=\"elementor-element elementor-element-3218b41 elementor-widget elementor-widget-text-editor\" data-id=\"3218b41\" data-element_type=\"widget\" data-widget_type=\"text-editor.default\">\n\t\t\t\t<div class=\"elementor-widget-container\">\n\t\t\t\t\t\t\t\t\t<p data-start=\"670\" data-end=\"1009\">Den ganzen Tag \u00fcber m\u00fcssen Sie sich keine Sorgen um Hunger oder Durst machen. Das Spiegelzelt ist der zentrale Ort, an dem alles zusammenkommt: der Eingang, die Vortr\u00e4ge und das Catering. Wir bieten ein k\u00f6stliches Mittagessen, und den ganzen Tag \u00fcber stehen Snacks und Getr\u00e4nke bereit \u2013 nat\u00fcrlich auch richtig guter Kaffee.<\/p><p data-start=\"1011\" data-end=\"1159\">Ab 17:00 Uhr servieren wir ein leckeres Abendessen, und die GET Band sorgt f\u00fcr die passende Stimmung. Zeit, das Tanzbein zu schwingen!<\/p><p data-start=\"1161\" data-end=\"1213\">Um 22:00 Uhr beschlie\u00dfen wir den Tag festlich.<\/p>\t\t\t\t\t\t\t\t<\/div>\n\t\t\t\t<\/div>\n\t\t\t\t<div class=\"elementor-element elementor-element-603d276 elementor-widget elementor-widget-text-editor\" data-id=\"603d276\" data-element_type=\"widget\" data-widget_type=\"text-editor.default\">\n\t\t\t\t<div class=\"elementor-widget-container\">\n\t\t\t\t\t\t\t\t\t<p><strong>8. Oktober 2025 | Programm<br \/><\/strong>Die Vortr\u00e4ge werden auf Niederl\u00e4ndisch gehalten. Schauen Sie auf der niederl\u00e4ndischen Website nach dem Programm f\u00fcr den 8. Oktober.<\/p>\t\t\t\t\t\t\t\t<\/div>\n\t\t\t\t<\/div>\n\t\t\t\t\t<\/div>\n\t\t\t\t<\/div>\n\t\t<div class=\"elementor-element elementor-element-54d51b1 e-con-full e-flex e-con e-parent\" data-id=\"54d51b1\" data-element_type=\"container\">\n\t\t\t\t<div class=\"elementor-element elementor-element-b6d4aa3 elementor-widget-divider--view-line elementor-widget elementor-widget-divider\" data-id=\"b6d4aa3\" data-element_type=\"widget\" data-widget_type=\"divider.default\">\n\t\t\t\t<div class=\"elementor-widget-container\">\n\t\t\t\t\t\t\t<div class=\"elementor-divider\">\n\t\t\t<span class=\"elementor-divider-separator\">\n\t\t\t\t\t\t<\/span>\n\t\t<\/div>\n\t\t\t\t\t\t<\/div>\n\t\t\t\t<\/div>\n\t\t\t\t<\/div>\n\t\t<div class=\"elementor-element elementor-element-b4e5d26 e-flex e-con-boxed e-con e-parent\" data-id=\"b4e5d26\" data-element_type=\"container\">\n\t\t\t\t\t<div class=\"e-con-inner\">\n\t\t\t\t<div class=\"elementor-element elementor-element-92708ea elementor-widget elementor-widget-heading\" data-id=\"92708ea\" data-element_type=\"widget\" data-widget_type=\"heading.default\">\n\t\t\t\t<div class=\"elementor-widget-container\">\n\t\t\t\t\t<h2 class=\"elementor-heading-title elementor-size-default\">Veranstaltungsort\n<\/h2>\t\t\t\t<\/div>\n\t\t\t\t<\/div>\n\t\t\t\t<div class=\"elementor-element elementor-element-b92b84d elementor-widget elementor-widget-text-editor\" data-id=\"b92b84d\" data-element_type=\"widget\" data-widget_type=\"text-editor.default\">\n\t\t\t\t<div class=\"elementor-widget-container\">\n\t\t\t\t\t\t\t\t\t<div class=\"page\" title=\"Page 5\"><div class=\"section\"><div class=\"layoutArea\"><div class=\"column\"><p>Tuincentrum Claes<br \/>Drie Eikenstraat 590,<br \/>2650 Edegem, Belgien<\/p><\/div><\/div><\/div><\/div>\t\t\t\t\t\t\t\t<\/div>\n\t\t\t\t<\/div>\n\t\t\t\t\t<\/div>\n\t\t\t\t<\/div>\n\t\t<div class=\"elementor-element elementor-element-25f43e4 e-con-full e-flex e-con e-parent\" data-id=\"25f43e4\" data-element_type=\"container\">\n\t\t\t\t<div class=\"elementor-element elementor-element-d74b82d elementor-widget elementor-widget-google_maps\" data-id=\"d74b82d\" data-element_type=\"widget\" data-widget_type=\"google_maps.default\">\n\t\t\t\t<div class=\"elementor-widget-container\">\n\t\t\t\t\t\t\t<div class=\"elementor-custom-embed\">\n\t\t\t<iframe loading=\"lazy\"\n\t\t\t\t\tsrc=\"https:\/\/maps.google.com\/maps?q=tuincenter%20claes&#038;t=m&#038;z=17&#038;output=embed&#038;iwloc=near\"\n\t\t\t\t\ttitle=\"tuincenter claes\"\n\t\t\t\t\taria-label=\"tuincenter claes\"\n\t\t\t><\/iframe>\n\t\t<\/div>\n\t\t\t\t\t\t<\/div>\n\t\t\t\t<\/div>\n\t\t\t\t<\/div>\n\t\t<div class=\"elementor-element elementor-element-05351b0 e-con-full e-flex e-con e-parent\" data-id=\"05351b0\" data-element_type=\"container\">\n\t\t\t\t<div class=\"elementor-element elementor-element-2a7bdf1 elementor-widget elementor-widget-heading\" data-id=\"2a7bdf1\" data-element_type=\"widget\" data-widget_type=\"heading.default\">\n\t\t\t\t<div class=\"elementor-widget-container\">\n\t\t\t\t\t<h2 class=\"elementor-heading-title elementor-size-default\">Routenbeschreibung\n<\/h2>\t\t\t\t<\/div>\n\t\t\t\t<\/div>\n\t\t\t\t<div class=\"elementor-element elementor-element-ecf555c elementor-widget__width-initial elementor-widget-mobile__width-inherit elementor-widget elementor-widget-text-editor\" data-id=\"ecf555c\" data-element_type=\"widget\" data-widget_type=\"text-editor.default\">\n\t\t\t\t<div class=\"elementor-widget-container\">\n\t\t\t\t\t\t\t\t\t<p>Verlassen Sie den Antwerpener Ring und folgen Sie den Schildern nach &#8222;Edegem&#8220;. Bleiben Sie auf der Autobahn und nehmen Sie die Ausfahrt 6 &#8222;Edegem&#8220;. Am Ende der Ausfahrt biegen Sie rechts ab auf die Prins Boudewijnlaan (N177) in Richtung Edegem. Folgen Sie der Prins Boudewijnlaan f\u00fcr einige Kilometer und biegen Sie dann links in die Drie Eikenstraat ein. Folgen Sie der Drie Eikenstraat ein kurzes St\u00fcck. Tuincentrum Claes liegt auf der rechten Seite in der Drie Eikenstraat 590, 2650 Edegem, Belgien.<\/p>\t\t\t\t\t\t\t\t<\/div>\n\t\t\t\t<\/div>\n\t\t\t\t<\/div>\n\t\t<div class=\"elementor-element elementor-element-5449a72 e-con-full e-flex e-con e-parent\" data-id=\"5449a72\" data-element_type=\"container\">\n\t\t\t\t<div class=\"elementor-element elementor-element-7022324 elementor-widget elementor-widget-heading\" data-id=\"7022324\" data-element_type=\"widget\" data-widget_type=\"heading.default\">\n\t\t\t\t<div class=\"elementor-widget-container\">\n\t\t\t\t\t<h2 class=\"elementor-heading-title elementor-size-default\">Parken<\/h2>\t\t\t\t<\/div>\n\t\t\t\t<\/div>\n\t\t\t\t<div class=\"elementor-element elementor-element-0f7c383 elementor-widget__width-initial elementor-widget-mobile__width-inherit elementor-widget elementor-widget-text-editor\" data-id=\"0f7c383\" data-element_type=\"widget\" data-widget_type=\"text-editor.default\">\n\t\t\t\t<div class=\"elementor-widget-container\">\n\t\t\t\t\t\t\t\t\t<p>Es gibt ausreichend Parkpl\u00e4tze am Gartencenter. Folgen Sie den Schildern P. GET<\/p>\t\t\t\t\t\t\t\t<\/div>\n\t\t\t\t<\/div>\n\t\t\t\t<\/div>\n\t\t<div class=\"elementor-element elementor-element-94c7b4d e-flex e-con-boxed e-con e-parent\" data-id=\"94c7b4d\" data-element_type=\"container\">\n\t\t\t\t\t<div class=\"e-con-inner\">\n\t\t\t\t<div class=\"elementor-element elementor-element-6e946d3 elementor-widget elementor-widget-spacer\" data-id=\"6e946d3\" data-element_type=\"widget\" data-widget_type=\"spacer.default\">\n\t\t\t\t<div class=\"elementor-widget-container\">\n\t\t\t\t\t\t\t<div class=\"elementor-spacer\">\n\t\t\t<div class=\"elementor-spacer-inner\"><\/div>\n\t\t<\/div>\n\t\t\t\t\t\t<\/div>\n\t\t\t\t<\/div>\n\t\t\t\t<div class=\"elementor-element elementor-element-c9dcdc7 elementor-widget elementor-widget-heading\" data-id=\"c9dcdc7\" data-element_type=\"widget\" data-widget_type=\"heading.default\">\n\t\t\t\t<div class=\"elementor-widget-container\">\n\t\t\t\t\t<h2 class=\"elementor-heading-title elementor-size-default\">Hotel\u00fcbernachtung\n<\/h2>\t\t\t\t<\/div>\n\t\t\t\t<\/div>\n\t\t\t\t<div class=\"elementor-element elementor-element-f2e3a3b elementor-widget__width-initial elementor-widget elementor-widget-text-editor\" data-id=\"f2e3a3b\" data-element_type=\"widget\" data-widget_type=\"text-editor.default\">\n\t\t\t\t<div class=\"elementor-widget-container\">\n\t\t\t\t\t\t\t\t\t<p>M\u00f6chten Sie \u00fcbernachten? Kein Problem.<\/p><p>Hotel Ter Elst<br \/>Kattenbroek 1, 2650 Edegem, Belgien<\/p>\t\t\t\t\t\t\t\t<\/div>\n\t\t\t\t<\/div>\n\t\t\t\t\t<\/div>\n\t\t\t\t<\/div>\n\t\t\t\t<\/div>\n\t\t","protected":false},"excerpt":{"rendered":"<p>GET inspired in Edegem Tagesordnung Den ganzen Tag \u00fcber m\u00fcssen Sie sich keine Sorgen um Hunger oder Durst machen. Das Spiegelzelt ist der zentrale Ort, an dem alles zusammenkommt: der [&hellip;]<\/p>\n","protected":false},"author":2,"featured_media":0,"parent":0,"menu_order":0,"comment_status":"closed","ping_status":"closed","template":"","meta":{"_price":"","_stock":"","_tribe_ticket_header":"","_tribe_default_ticket_provider":"","_tribe_ticket_capacity":"0","_ticket_start_date":"","_ticket_end_date":"","_tribe_ticket_show_description":"","_tribe_ticket_show_not_going":false,"_tribe_ticket_use_global_stock":"","_tribe_ticket_global_stock_level":"","_global_stock_mode":"","_global_stock_cap":"","_tribe_rsvp_for_event":"","_tribe_ticket_going_count":"","_tribe_ticket_not_going_count":"","_tribe_tickets_list":"[]","_tribe_ticket_has_attendee_info_fields":false,"footnotes":""},"class_list":["post-1467","page","type-page","status-publish","hentry"],"_links":{"self":[{"href":"https:\/\/gardenexpertstogether.com\/de\/wp-json\/wp\/v2\/pages\/1467","targetHints":{"allow":["GET"]}}],"collection":[{"href":"https:\/\/gardenexpertstogether.com\/de\/wp-json\/wp\/v2\/pages"}],"about":[{"href":"https:\/\/gardenexpertstogether.com\/de\/wp-json\/wp\/v2\/types\/page"}],"author":[{"embeddable":true,"href":"https:\/\/gardenexpertstogether.com\/de\/wp-json\/wp\/v2\/users\/2"}],"replies":[{"embeddable":true,"href":"https:\/\/gardenexpertstogether.com\/de\/wp-json\/wp\/v2\/comments?post=1467"}],"version-history":[{"count":34,"href":"https:\/\/gardenexpertstogether.com\/de\/wp-json\/wp\/v2\/pages\/1467\/revisions"}],"predecessor-version":[{"id":3919,"href":"https:\/\/gardenexpertstogether.com\/de\/wp-json\/wp\/v2\/pages\/1467\/revisions\/3919"}],"wp:attachment":[{"href":"https:\/\/gardenexpertstogether.com\/de\/wp-json\/wp\/v2\/media?parent=1467"}],"curies":[{"name":"wp","href":"https:\/\/api.w.org\/{rel}","templated":true}]}}