{"id":1130,"date":"2023-08-18T13:35:12","date_gmt":"2023-08-18T11:35:12","guid":{"rendered":"https:\/\/gardenexpertstogether.com\/?page_id=1130"},"modified":"2025-02-19T10:49:47","modified_gmt":"2025-02-19T09:49:47","slug":"a-propos-de-get","status":"publish","type":"page","link":"https:\/\/gardenexpertstogether.com\/fr\/a-propos-de-get\/","title":{"rendered":"A propos de GET"},"content":{"rendered":"\t\t<div data-elementor-type=\"wp-page\" data-elementor-id=\"1130\" class=\"elementor elementor-1130 elementor-98\" data-elementor-post-type=\"page\">\n\t\t\t\t<div class=\"elementor-element elementor-element-e724153 e-con-full e-flex e-con e-parent\" data-id=\"e724153\" data-element_type=\"container\" data-settings=\"{&quot;background_background&quot;:&quot;classic&quot;}\">\n\t\t<div class=\"elementor-element elementor-element-13334d8 e-flex e-con-boxed e-con e-child\" data-id=\"13334d8\" data-element_type=\"container\">\n\t\t\t\t\t<div class=\"e-con-inner\">\n\t\t\t\t<div class=\"elementor-element elementor-element-438b3fc aw-white-svg-fill elementor-widget elementor-widget-image\" data-id=\"438b3fc\" data-element_type=\"widget\" data-widget_type=\"image.default\">\n\t\t\t\t<div class=\"elementor-widget-container\">\n\t\t\t\t\t\t\t\t\t\t\t\t\t\t\t<img fetchpriority=\"high\" decoding=\"async\" width=\"755\" height=\"755\" src=\"https:\/\/gardenexpertstogether.com\/wp-content\/uploads\/2023\/09\/white_svg_nr_1.svg\" class=\"attachment-large size-large wp-image-788\" alt=\"\" \/>\t\t\t\t\t\t\t\t\t\t\t\t\t\t\t<\/div>\n\t\t\t\t<\/div>\n\t\t\t\t\t<\/div>\n\t\t\t\t<\/div>\n\t\t\t\t<\/div>\n\t\t<div class=\"elementor-element elementor-element-de84b93 e-con-full e-flex e-con e-parent\" data-id=\"de84b93\" data-element_type=\"container\" data-settings=\"{&quot;background_background&quot;:&quot;classic&quot;}\">\n\t\t\t\t<div class=\"elementor-element elementor-element-aed11da elementor-widget elementor-widget-heading\" data-id=\"aed11da\" data-element_type=\"widget\" data-widget_type=\"heading.default\">\n\t\t\t\t<div class=\"elementor-widget-container\">\n\t\t\t\t\t<h1 class=\"elementor-heading-title elementor-size-default\">GET r\u00e9unit l'inspiration, les connaissances et l'expertise du secteur horticole.<\/h1>\t\t\t\t<\/div>\n\t\t\t\t<\/div>\n\t\t\t\t<\/div>\n\t\t<div class=\"elementor-element elementor-element-9ee20fd e-con-full e-flex e-con e-parent\" data-id=\"9ee20fd\" data-element_type=\"container\">\n\t\t<div class=\"elementor-element elementor-element-b80dcf2 e-con-full e-flex e-con e-child\" data-id=\"b80dcf2\" data-element_type=\"container\">\n\t\t\t\t<div class=\"elementor-element elementor-element-595692e elementor-widget elementor-widget-text-editor\" data-id=\"595692e\" data-element_type=\"widget\" data-widget_type=\"text-editor.default\">\n\t\t\t\t<div class=\"elementor-widget-container\">\n\t\t\t\t\t\t\t\t\t<p style=\"font-weight: 300;\">\u00ab\u00a0Henry Ford, le fondateur de la marque automobile \u00e9ponyme, en avait d\u00e9j\u00e0 connaissance \u00e0 son \u00e9poque : la collaboration est la cl\u00e9 du succ\u00e8s. Et c&rsquo;est pr\u00e9cis\u00e9ment la pr\u00e9misse du tout nouvel \u00e9v\u00e9nement du secteur horticole : GET (Garden Experts Together).<\/p><p style=\"font-weight: 300;\">Les 8 et 9 octobre 2025 aura lieu la deuxi\u00e8me \u00e9dition de GET. Cet \u00e9v\u00e9nement est con\u00e7u pour et par les experts du secteur horticole. Si les collaborations ont maintes fois prouv\u00e9 leur efficacit\u00e9, pourquoi ne pas les encourager davantage ? En tant qu&rsquo;entrepreneur dans le domaine horticole, vous \u00eates confront\u00e9 \u00e0 de nombreuses situations o\u00f9 il est impossible d&rsquo;\u00eatre un sp\u00e9cialiste en tout. Parall\u00e8lement, le secteur horticole regorge d&rsquo;experts, et ces connaissances sont bel et bien \u00e0 disposition.\u00a0\u00bb<\/p>\t\t\t\t\t\t\t\t<\/div>\n\t\t\t\t<\/div>\n\t\t\t\t<\/div>\n\t\t\t\t<\/div>\n\t\t<div class=\"elementor-element elementor-element-b0d9fd2 e-con-full e-flex e-con e-parent\" data-id=\"b0d9fd2\" data-element_type=\"container\" data-settings=\"{&quot;background_background&quot;:&quot;classic&quot;}\">\n\t\t\t\t<div class=\"elementor-element elementor-element-0332bf3 elementor-widget elementor-widget-heading\" data-id=\"0332bf3\" data-element_type=\"widget\" data-widget_type=\"heading.default\">\n\t\t\t\t<div class=\"elementor-widget-container\">\n\t\t\t\t\t<h2 class=\"elementor-heading-title elementor-size-default\">\"Coming together is a beginning, keeping together is progress, working together is success.\"\n- Henry Ford<\/h2>\t\t\t\t<\/div>\n\t\t\t\t<\/div>\n\t\t\t\t<\/div>\n\t\t<div class=\"elementor-element elementor-element-b868052 e-con-full e-flex e-con e-parent\" data-id=\"b868052\" data-element_type=\"container\">\n\t\t\t\t<div class=\"elementor-element elementor-element-d08bf2f elementor-widget__width-initial elementor-widget-mobile__width-inherit elementor-view-default elementor-position-top elementor-mobile-position-top elementor-widget elementor-widget-icon-box\" data-id=\"d08bf2f\" data-element_type=\"widget\" data-widget_type=\"icon-box.default\">\n\t\t\t\t<div class=\"elementor-widget-container\">\n\t\t\t\t\t\t\t<div class=\"elementor-icon-box-wrapper\">\n\n\t\t\t\t\t\t<div class=\"elementor-icon-box-icon\">\n\t\t\t\t<span  class=\"elementor-icon\">\n\t\t\t\t<svg xmlns:inkscape=\"http:\/\/www.inkscape.org\/namespaces\/inkscape\" xmlns:sodipodi=\"http:\/\/sodipodi.sourceforge.net\/DTD\/sodipodi-0.dtd\" xmlns=\"http:\/\/www.w3.org\/2000\/svg\" xmlns:svg=\"http:\/\/www.w3.org\/2000\/svg\" id=\"svg2\" width=\"755.90533\" height=\"755.90533\" viewBox=\"0 0 755.90533 755.90533\" sodipodi:docname=\"GET_Garden Experts Together_Iconen website.ai\"><defs id=\"defs6\"><clipPath clipPathUnits=\"userSpaceOnUse\" id=\"clipPath16\"><path d=\"M 0,566.929 H 566.929 V 0 H 0 Z\" id=\"path14\"><\/path><\/clipPath><\/defs><g id=\"g8\" inkscape:groupmode=\"layer\" inkscape:label=\"GET_Garden Experts Together_Iconen website\" transform=\"matrix(1.3333333,0,0,-1.3333333,0,755.90533)\"><g id=\"g10\"><g id=\"g12\" clip-path=\"url(#clipPath16)\"><g id=\"g18\" transform=\"translate(226.6783,80.7152)\"><path d=\"m 0,0 c -0.451,0 -0.902,0 -1.356,0.015 -46.841,1.061 -89.751,57.782 -91.558,60.193 -1.286,1.722 -1.713,3.947 -1.157,6.024 0.553,2.084 2.032,3.791 4.007,4.633 2.766,1.194 68.211,28.783 109.304,6.235 16.487,-9.046 26.679,-24.67 30.292,-46.441 0.331,-2 -0.216,-4.044 -1.497,-5.613 C 34.386,8.421 18.233,0 0,0 M -75.702,61.305 C -62.971,46.58 -31.924,14.734 -1.019,14.043 12.587,13.829 24.414,19.463 35.135,31.524 31.861,47.347 24.441,58.248 12.521,64.792 -14.65,79.704 -57.355,67.678 -75.702,61.305\" style=\"fill:#4c9d2f;fill-opacity:1;fill-rule:nonzero;stroke:none\" id=\"path20\"><\/path><\/g><g id=\"g22\" transform=\"translate(135.2796,170.131)\"><path d=\"m 0,0 c -9.494,0 -18.366,2.486 -26.537,7.462 -36.139,21.997 -44.439,85.386 -44.773,88.073 -0.271,2.144 0.469,4.302 1.996,5.832 1.524,1.528 3.659,2.249 5.814,2 2.685,-0.334 65.899,-8.656 87.842,-44.885 C 33.154,43.935 34.149,27.165 27.303,8.634 26.594,6.716 25.085,5.207 23.17,4.494 15.101,1.494 7.366,0 0,0 m 20.741,11.075 h 0.069 z m -76.502,76.71 c 3.574,-17.524 13.603,-54.412 36.508,-68.337 10.051,-6.112 21.354,-7.05 34.489,-2.856 4.185,13.183 3.244,24.532 -2.859,34.606 -13.931,23.004 -50.675,33.024 -68.138,36.587\" style=\"fill:#4c9d2f;fill-opacity:1;fill-rule:nonzero;stroke:none\" id=\"path24\"><\/path><\/g><g id=\"g26\" transform=\"translate(115.0749,280.4206)\"><path d=\"m 0,0 c -14.539,0 -26.543,4.864 -35.751,14.5 -26.08,27.294 -19.054,83.515 -18.742,85.893 0.283,2.168 1.555,4.077 3.443,5.168 1.881,1.089 4.172,1.233 6.178,0.403 C -42.66,105.047 9.416,83.035 19.947,46.742 24.183,32.162 21.264,17.53 11.277,3.241 10.092,1.548 8.219,0.46 6.163,0.28 4.059,0.096 2.002,0 0,0 M 5.547,7.272 H 5.616 Z M -41.37,88.759 C -42.107,72.612 -41.334,40.609 -25.626,24.192 -18.772,17.028 -9.9,13.691 1.635,14.061 7.687,23.846 9.278,33.283 6.512,42.822 0.153,64.717 -27.063,81.342 -41.37,88.759\" style=\"fill:#4c9d2f;fill-opacity:1;fill-rule:nonzero;stroke:none\" id=\"path28\"><\/path><\/g><g id=\"g30\" transform=\"translate(113.5402,380.0537)\"><path d=\"m 0,0 c -1.025,0 -2.05,0.225 -3,0.679 -13.631,6.482 -22.157,16.337 -25.335,29.294 -7.912,32.243 21.49,71.872 22.743,73.547 2.646,3.52 8.538,3.52 11.184,0 C 6.845,101.845 36.247,62.216 28.338,29.982 25.157,17.016 16.634,7.161 3,0.679 2.05,0.225 1.025,0 0,0 M 0,86.633 C -7.45,74.455 -19.195,51.429 -14.737,33.313 -12.81,25.473 -7.973,19.427 0,14.911 7.973,19.427 12.81,25.473 14.74,33.313 19.198,51.429 7.45,74.455 0,86.633\" style=\"fill:#4c9d2f;fill-opacity:1;fill-rule:nonzero;stroke:none\" id=\"path32\"><\/path><\/g><g id=\"g34\" transform=\"translate(340.2505,80.7152)\"><path d=\"m 0,0 c -18.233,0 -34.386,8.421 -48.032,25.046 -1.284,1.569 -1.831,3.613 -1.497,5.613 3.61,21.771 13.802,37.395 30.288,46.441 41.1,22.56 106.542,-5.041 109.305,-6.235 1.975,-0.842 3.454,-2.549 4.007,-4.633 C 94.627,64.155 94.2,61.93 92.914,60.208 91.11,57.797 48.197,1.076 1.356,0.015 0.905,0 0.451,0 0,0 M -35.135,31.524 C -24.411,19.463 -12.566,13.754 1.04,14.043 32.002,14.746 62.992,46.565 75.702,61.293 57.337,67.663 14.566,79.677 -12.539,64.78 -24.453,58.236 -31.861,47.341 -35.135,31.524\" style=\"fill:#4c9d2f;fill-opacity:1;fill-rule:nonzero;stroke:none\" id=\"path36\"><\/path><\/g><g id=\"g38\" transform=\"translate(431.6496,170.131)\"><path d=\"m 0,0 c -7.366,0 -15.098,1.494 -23.17,4.494 -1.915,0.713 -3.424,2.222 -4.133,4.14 -6.846,18.531 -5.851,35.301 2.961,49.848 21.943,36.229 85.157,44.551 87.842,44.885 2.131,0.267 4.29,-0.472 5.814,-2 1.527,-1.53 2.267,-3.688 1.996,-5.832 C 70.976,92.848 62.676,29.459 26.537,7.462 18.366,2.486 9.494,0 0,0 M -15.236,16.592 C -2.083,12.404 9.223,13.348 19.271,19.454 42.218,33.427 52.211,70.27 55.767,87.779 38.295,84.192 1.503,74.148 -12.392,51.177 -18.483,41.109 -19.421,29.769 -15.236,16.592\" style=\"fill:#4c9d2f;fill-opacity:1;fill-rule:nonzero;stroke:none\" id=\"path40\"><\/path><\/g><g id=\"g42\" transform=\"translate(451.8542,280.4206)\"><path d=\"m 0,0 c -2.005,0 -4.056,0.096 -6.163,0.28 -2.056,0.18 -3.929,1.268 -5.114,2.961 -9.987,14.289 -12.906,28.921 -8.67,43.501 10.531,36.293 62.61,58.305 64.819,59.222 2.009,0.83 4.297,0.686 6.178,-0.403 1.888,-1.091 3.16,-3 3.443,-5.168 C 54.805,98.015 61.831,41.794 35.751,14.5 26.543,4.864 14.539,0 0,0 M -1.635,14.061 C 9.876,13.679 18.787,17.037 25.641,24.21 41.376,40.679 42.131,72.627 41.379,88.75 27.066,81.321 -0.186,64.648 -6.515,42.801 c -2.76,-9.536 -1.166,-18.967 4.88,-28.74\" style=\"fill:#4c9d2f;fill-opacity:1;fill-rule:nonzero;stroke:none\" id=\"path44\"><\/path><\/g><g id=\"g46\" transform=\"translate(453.3886,380.0537)\"><path d=\"m 0,0 c -1.025,0 -2.05,0.225 -3,0.679 -13.634,6.482 -22.157,16.337 -25.338,29.303 -7.909,32.234 21.493,71.863 22.746,73.538 2.646,3.52 8.538,3.52 11.184,0 C 6.845,101.845 36.247,62.216 28.335,29.973 25.157,17.016 16.631,7.161 3,0.679 2.05,0.225 1.025,0 0,0 M 0,86.633 C -7.45,74.455 -19.201,51.429 -14.74,33.313 -12.81,25.473 -7.973,19.427 0,14.911 7.973,19.427 12.81,25.473 14.737,33.313 19.195,51.429 7.45,74.455 0,86.633\" style=\"fill:#4c9d2f;fill-opacity:1;fill-rule:nonzero;stroke:none\" id=\"path48\"><\/path><\/g><g id=\"g50\" transform=\"translate(332.4584,213.3653)\"><path d=\"m 0,0 h -97.988 c -3.866,0 -6.999,3.139 -6.999,7.017 v 35.087 c 0,3.878 3.133,7.016 6.999,7.016 h 20.999 v 119.295 h -20.999 c -3.866,0 -6.999,3.138 -6.999,7.016 v 35.087 c 0,3.878 3.133,7.017 6.999,7.017 h 69.99 c 3.866,0 7.002,-3.139 7.002,-7.017 V 49.12 H 0 c 3.866,0 6.999,-3.138 6.999,-7.016 V 7.017 C 6.999,3.139 3.866,0 0,0 m -90.99,14.034 h 83.991 v 21.053 h -20.999 c -3.863,0 -6.999,3.138 -6.999,7.017 V 203.501 H -90.99 v -21.05 h 21 c 3.863,0 6.998,-3.138 6.998,-7.02 V 42.104 c 0,-3.879 -3.135,-7.017 -6.998,-7.017 h -21 z\" style=\"fill:#4c9d2f;fill-opacity:1;fill-rule:nonzero;stroke:none\" id=\"path52\"><\/path><\/g><\/g><\/g><\/g><\/svg>\t\t\t\t<\/span>\n\t\t\t<\/div>\n\t\t\t\n\t\t\t\t\t\t<div class=\"elementor-icon-box-content\">\n\n\t\t\t\t\t\t\t\t\t<h3 class=\"elementor-icon-box-title\">\n\t\t\t\t\t\t<span  >\n\t\t\t\t\t\t\tLe N\u00b0 1 des jardineries en Flandre\t\t\t\t\t\t<\/span>\n\t\t\t\t\t<\/h3>\n\t\t\t\t\n\t\t\t\t\t\t\t\t\t<p class=\"elementor-icon-box-description\">\n\t\t\t\t\t\t\"Notre rassemblement est le point de d\u00e9part,\" et nous souhaitons faciliter ce commencement avec GET (Garden Experts Together). Plus de 55 experts participent, chacun pr\u00e9sentant ses meilleures id\u00e9es de vente au d\u00e9tail, collaborant et partageant leurs connaissances pour am\u00e9liorer les magasins, inspirer les consommateurs, et les aider. Les sp\u00e9cialistes et les entrepreneurs du secteur horticole se r\u00e9uniront \u00e0 la meilleure jardinerie de Flandre pour l'ann\u00e9e 2023-2024 : le Tuincentrum Claes. Cet \u00e9v\u00e9nement est une source de partage de connaissances, d'inspiration, de d\u00e9licieuse nourriture, de festivit\u00e9s, et d'un espace pour se retrouver, le tout dans un cadre authentique - voil\u00e0 ce qu'est GET.\t\t\t\t\t<\/p>\n\t\t\t\t\n\t\t\t<\/div>\n\t\t\t\n\t\t<\/div>\n\t\t\t\t\t\t<\/div>\n\t\t\t\t<\/div>\n\t\t\t\t<\/div>\n\t\t\t\t<\/div>\n\t\t","protected":false},"excerpt":{"rendered":"<p>GET r\u00e9unit l&rsquo;inspiration, les connaissances et l&rsquo;expertise du secteur horticole. \u00ab\u00a0Henry Ford, le fondateur de la marque automobile \u00e9ponyme, en avait d\u00e9j\u00e0 connaissance \u00e0 son \u00e9poque : la collaboration est [&hellip;]<\/p>\n","protected":false},"author":2,"featured_media":0,"parent":0,"menu_order":0,"comment_status":"closed","ping_status":"closed","template":"","meta":{"_price":"","_stock":"","_tribe_ticket_header":"","_tribe_default_ticket_provider":"","_tribe_ticket_capacity":"0","_ticket_start_date":"","_ticket_end_date":"","_tribe_ticket_show_description":"","_tribe_ticket_show_not_going":false,"_tribe_ticket_use_global_stock":"","_tribe_ticket_global_stock_level":"","_global_stock_mode":"","_global_stock_cap":"","_tribe_rsvp_for_event":"","_tribe_ticket_going_count":"","_tribe_ticket_not_going_count":"","_tribe_tickets_list":"[]","_tribe_ticket_has_attendee_info_fields":false,"footnotes":""},"class_list":["post-1130","page","type-page","status-publish","hentry"],"_links":{"self":[{"href":"https:\/\/gardenexpertstogether.com\/fr\/wp-json\/wp\/v2\/pages\/1130","targetHints":{"allow":["GET"]}}],"collection":[{"href":"https:\/\/gardenexpertstogether.com\/fr\/wp-json\/wp\/v2\/pages"}],"about":[{"href":"https:\/\/gardenexpertstogether.com\/fr\/wp-json\/wp\/v2\/types\/page"}],"author":[{"embeddable":true,"href":"https:\/\/gardenexpertstogether.com\/fr\/wp-json\/wp\/v2\/users\/2"}],"replies":[{"embeddable":true,"href":"https:\/\/gardenexpertstogether.com\/fr\/wp-json\/wp\/v2\/comments?post=1130"}],"version-history":[{"count":16,"href":"https:\/\/gardenexpertstogether.com\/fr\/wp-json\/wp\/v2\/pages\/1130\/revisions"}],"predecessor-version":[{"id":2916,"href":"https:\/\/gardenexpertstogether.com\/fr\/wp-json\/wp\/v2\/pages\/1130\/revisions\/2916"}],"wp:attachment":[{"href":"https:\/\/gardenexpertstogether.com\/fr\/wp-json\/wp\/v2\/media?parent=1130"}],"curies":[{"name":"wp","href":"https:\/\/api.w.org\/{rel}","templated":true}]}}